{"id":146,"date":"2024-07-30T23:06:20","date_gmt":"2024-07-30T21:06:20","guid":{"rendered":"https:\/\/mojepomoce.pl\/test1\/?page_id=146"},"modified":"2025-05-24T15:40:55","modified_gmt":"2025-05-24T13:40:55","slug":"darmowe-pomoce","status":"publish","type":"page","link":"https:\/\/mojepomoce.pl\/test1\/darmowe-pomoce\/","title":{"rendered":"Darmowe pomoce"},"content":{"rendered":"<h2>Darmowa spi\u017carka<\/h2>\n<h3><strong><em>Link z darmowymi materia\u0142ami znajduje si\u0119 tutaj <a href=\"https:\/\/drive.google.com\/drive\/folders\/1ZnBVq8OceBz9aHPnERVlIBOOwdM7f0ov?usp=sharing\" target=\"_blank\" rel=\"noopener\">&#8211;&gt; Kliknij mnie &lt;&#8211;<\/a><\/em><\/strong><\/h3>\n","protected":false},"excerpt":{"rendered":"<p>Darmowa spi\u017carka Link z darmowymi materia\u0142ami znajduje si\u0119 tutaj &#8211;&gt; Kliknij mnie &lt;&#8211;<\/p>\n","protected":false},"author":1,"featured_media":0,"parent":0,"menu_order":0,"comment_status":"closed","ping_status":"closed","template":"elementor_theme","meta":{"_kadence_starter_templates_imported_post":false,"_kad_post_transparent":"","_kad_post_title":"","_kad_post_layout":"","_kad_post_sidebar_id":"","_kad_post_content_style":"","_kad_post_vertical_padding":"","_kad_post_feature":"","_kad_post_feature_position":"","_kad_post_header":false,"_kad_post_footer":false,"footnotes":""},"class_list":["post-146","page","type-page","status-publish","hentry"],"_links":{"self":[{"href":"https:\/\/mojepomoce.pl\/test1\/wp-json\/wp\/v2\/pages\/146","targetHints":{"allow":["GET"]}}],"collection":[{"href":"https:\/\/mojepomoce.pl\/test1\/wp-json\/wp\/v2\/pages"}],"about":[{"href":"https:\/\/mojepomoce.pl\/test1\/wp-json\/wp\/v2\/types\/page"}],"author":[{"embeddable":true,"href":"https:\/\/mojepomoce.pl\/test1\/wp-json\/wp\/v2\/users\/1"}],"replies":[{"embeddable":true,"href":"https:\/\/mojepomoce.pl\/test1\/wp-json\/wp\/v2\/comments?post=146"}],"version-history":[{"count":17,"href":"https:\/\/mojepomoce.pl\/test1\/wp-json\/wp\/v2\/pages\/146\/revisions"}],"predecessor-version":[{"id":2888,"href":"https:\/\/mojepomoce.pl\/test1\/wp-json\/wp\/v2\/pages\/146\/revisions\/2888"}],"wp:attachment":[{"href":"https:\/\/mojepomoce.pl\/test1\/wp-json\/wp\/v2\/media?parent=146"}],"curies":[{"name":"wp","href":"https:\/\/api.w.org\/{rel}","templated":true}]}}