{"id":630,"date":"2024-08-07T23:23:12","date_gmt":"2024-08-07T21:23:12","guid":{"rendered":"https:\/\/mojepomoce.pl\/test1\/?page_id=630"},"modified":"2025-07-07T09:49:30","modified_gmt":"2025-07-07T07:49:30","slug":"polityka-prywatnosci-i-cookies","status":"publish","type":"page","link":"https:\/\/mojepomoce.pl\/test1\/polityka-prywatnosci-i-cookies\/","title":{"rendered":"Polityka prywatno\u015bci i cookies"},"content":{"rendered":"<style>.wp-block-kadence-column.kb-section-dir-horizontal > .kt-inside-inner-col > .kt-info-box630_d5ade6-6d .kt-blocks-info-box-link-wrap{max-width:unset;}.kt-info-box630_d5ade6-6d .kt-blocks-info-box-link-wrap{border-top:5px solid var(--global-palette7, #eeeeee);border-right:5px solid var(--global-palette7, #eeeeee);border-bottom:5px solid var(--global-palette7, #eeeeee);border-left:5px solid var(--global-palette7, #eeeeee);border-top-left-radius:20px;border-top-right-radius:20px;border-bottom-right-radius:20px;border-bottom-left-radius:20px;background:#ffffff;padding-top:var(--global-kb-spacing-sm, 1.5rem);padding-right:var(--global-kb-spacing-sm, 1.5rem);padding-bottom:var(--global-kb-spacing-sm, 1.5rem);padding-left:var(--global-kb-spacing-sm, 1.5rem);margin-top:50px;}.kt-info-box630_d5ade6-6d .kadence-info-box-icon-container .kt-info-svg-icon, .kt-info-box630_d5ade6-6d .kt-info-svg-icon-flip, .kt-info-box630_d5ade6-6d .kt-blocks-info-box-number{font-size:50px;}.kt-info-box630_d5ade6-6d .kt-blocks-info-box-media{background:#ffffff;border-color:var(--global-palette7, #eeeeee);border-radius:200px;overflow:hidden;border-top-width:5px;border-right-width:5px;border-bottom-width:5px;border-left-width:5px;padding-top:20px;padding-right:20px;padding-bottom:20px;padding-left:20px;}.kt-info-box630_d5ade6-6d .kt-blocks-info-box-media-container{margin-top:-75px;margin-right:0px;margin-bottom:20px;margin-left:0px;}.kt-info-box630_d5ade6-6d .kt-blocks-info-box-media .kadence-info-box-image-intrisic img{border-radius:200px;}.kt-info-box630_d5ade6-6d .kt-infobox-textcontent h2.kt-blocks-info-box-title{padding-top:0px;padding-right:0px;padding-bottom:0px;padding-left:0px;margin-top:5px;margin-right:0px;margin-bottom:10px;margin-left:0px;}.kt-info-box630_d5ade6-6d .kt-blocks-info-box-learnmore{background:transparent;border-width:0px 0px 0px 0px;padding-top:4px;padding-right:8px;padding-bottom:4px;padding-left:8px;margin-top:10px;margin-right:0px;margin-bottom:10px;margin-left:0px;}@media all and (max-width: 1024px){.kt-info-box630_d5ade6-6d .kt-blocks-info-box-link-wrap{border-top:5px solid var(--global-palette7, #eeeeee);border-right:5px solid var(--global-palette7, #eeeeee);border-bottom:5px solid var(--global-palette7, #eeeeee);border-left:5px solid var(--global-palette7, #eeeeee);}}@media all and (max-width: 767px){.kt-info-box630_d5ade6-6d .kt-blocks-info-box-link-wrap{border-top:5px solid var(--global-palette7, #eeeeee);border-right:5px solid var(--global-palette7, #eeeeee);border-bottom:5px solid var(--global-palette7, #eeeeee);border-left:5px solid var(--global-palette7, #eeeeee);}}<\/style>\n<div class=\"wp-block-kadence-infobox kt-info-box630_d5ade6-6d\"><span class=\"kt-blocks-info-box-link-wrap info-box-link kt-blocks-info-box-media-align-top kt-info-halign-center\"><div class=\"kt-blocks-info-box-media-container\"><div class=\"kt-blocks-info-box-media kt-info-media-animate-none\"><div class=\"kadence-info-box-icon-container kt-info-icon-animate-none\"><div class=\"kadence-info-box-icon-inner-container\"><span class=\"kb-svg-icon-wrap kb-svg-icon-fe_lock kt-info-svg-icon\"><svg viewBox=\"0 0 24 24\"  fill=\"none\" stroke=\"currentColor\" stroke-width=\"2\" stroke-linecap=\"round\" stroke-linejoin=\"round\" xmlns=\"http:\/\/www.w3.org\/2000\/svg\"  aria-hidden=\"true\"><rect x=\"3\" y=\"11\" width=\"18\" height=\"11\" rx=\"2\" ry=\"2\"\/><path d=\"M7 11V7a5 5 0 0 1 10 0v4\"\/><\/svg><\/span><\/div><\/div><\/div><\/div><div class=\"kt-infobox-textcontent\"><h2 class=\"kt-blocks-info-box-title\">Polityka prywatno\u015bci i cookies<\/h2><p class=\"kt-blocks-info-box-text\">Wst\u0119p<br>Niniejsza Polityka Prywatno\u015bci okre\u015bla zasady przetwarzania danych osobowych oraz u\u017cywania plik\u00f3w cookies na stronie internetowej MojePomoce.pl. Twoja prywatno\u015b\u0107 jest dla nas bardzo wa\u017cna, dlatego podejmujemy wszelkie mo\u017cliwe \u015brodki, aby chroni\u0107 Twoje dane osobowe.<br>Gromadzenie Danych Osobowych<br>Gromadzimy dane osobowe, kt\u00f3re przekazujesz nam dobrowolnie, np. podczas rejestracji na naszej stronie, sk\u0142adania zam\u00f3wie\u0144, subskrypcji newslettera, czy kontaktu z nami poprzez formularz kontaktowy. Dane te mog\u0105 obejmowa\u0107:<br>Imi\u0119 i nazwisko<br>Adres e-mail<br>Numer telefonu<br>Adres zamieszkania<br>Dane dotycz\u0105ce p\u0142atno\u015bci<br>Wykorzystanie Danych Osobowych<br>Zgromadzone dane osobowe s\u0105 wykorzystywane w celach:<br>Realizacji zam\u00f3wie\u0144 i \u015bwiadczenia us\u0142ug<br>Utrzymywania kontaktu z klientem<br>Przesy\u0142ania newsletter\u00f3w i ofert marketingowych (za Twoj\u0105 zgod\u0105)<br>Poprawy funkcjonowania naszej strony internetowej<br>Przekazywanie Danych Osobowych<br>Nie przekazujemy Twoich danych osobowych osobom trzecim, chyba \u017ce jest to konieczne do realizacji zam\u00f3wienia (np. dostawcom us\u0142ug kurierskich) lub wymagane przez prawo.<br>Ochrona Danych<br>Stosujemy odpowiednie \u015brodki techniczne i organizacyjne, aby chroni\u0107 Twoje dane osobowe przed nieautoryzowanym dost\u0119pem, utrat\u0105, modyfikacj\u0105 lub ujawnieniem.<br>Prawa U\u017cytkownik\u00f3w<br>Masz prawo do:<br>Dost\u0119pu do swoich danych osobowych<br>Sprostowania nieprawid\u0142owych danych<br>Usuni\u0119cia danych (w okre\u015blonych przypadkach)<br>Ograniczenia przetwarzania danych<br>Przenoszenia danych<br>Wycofania zgody na przetwarzanie danych<br>W celu skorzystania z tych praw, prosimy o kontakt na adres: kontakt@mojepomoce.pl<br>Pliki Cookies<br>Nasza strona u\u017cywa plik\u00f3w cookies w celu poprawy jej funkcjonowania oraz analizy ruchu na stronie. Pliki cookies to niewielkie pliki tekstowe przechowywane na Twoim urz\u0105dzeniu. Mo\u017cesz zarz\u0105dza\u0107 ustawieniami cookies w swojej przegl\u0105darce internetowej.<br>Rodzaje U\u017cywanych Cookies<br>Niezb\u0119dne cookies: S\u0105 niezb\u0119dne do prawid\u0142owego funkcjonowania strony.<br>Funkcjonalne cookies: Umo\u017cliwiaj\u0105 zapami\u0119tywanie Twoich ustawie\u0144 i preferencji.<br>Analityczne cookies: Pomagaj\u0105 nam zrozumie\u0107, w jaki spos\u00f3b u\u017cytkownicy korzystaj\u0105 ze strony, co umo\u017cliwia ulepszanie jej struktury i zawarto\u015bci.<br>Marketingowe cookies: S\u0142u\u017c\u0105 do personalizacji tre\u015bci reklamowych.<br>Zarz\u0105dzanie Cookies<br>Wi\u0119kszo\u015b\u0107 przegl\u0105darek internetowych pozwala na zarz\u0105dzanie plikami cookies poprzez ustawienia przegl\u0105darki. Mo\u017cesz zablokowa\u0107 cookies lub ustawi\u0107 przegl\u0105dark\u0119 tak, aby ostrzega\u0142a Ci\u0119 przed ich zapisywaniem. Pami\u0119taj jednak, \u017ce wy\u0142\u0105czenie plik\u00f3w cookies mo\u017ce wp\u0142yn\u0105\u0107 na funkcjonalno\u015b\u0107 strony.<br>Zmiany w Polityce Prywatno\u015bci<br>Zastrzegamy sobie prawo do zmiany niniejszej Polityki Prywatno\u015bci w dowolnym momencie. Wszelkie zmiany b\u0119d\u0105 publikowane na tej stronie, a data ostatniej aktualizacji zostanie zaktualizowana.<br>Kontakt<br>W razie pyta\u0144 lub w\u0105tpliwo\u015bci dotycz\u0105cych naszej Polityki Prywatno\u015bci, prosimy o kontakt na adres: kontakt@mojepomoce.pl<br><br>Ostatnia aktualizacja dnia 07.07.2025 r.<\/p><\/div><\/span><\/div>\n\n\n\n<p><\/p>\n","protected":false},"excerpt":{"rendered":"","protected":false},"author":1,"featured_media":0,"parent":0,"menu_order":0,"comment_status":"closed","ping_status":"closed","template":"","meta":{"_kadence_starter_templates_imported_post":false,"_kad_post_transparent":"","_kad_post_title":"","_kad_post_layout":"","_kad_post_sidebar_id":"","_kad_post_content_style":"","_kad_post_vertical_padding":"","_kad_post_feature":"","_kad_post_feature_position":"","_kad_post_header":false,"_kad_post_footer":false,"footnotes":""},"class_list":["post-630","page","type-page","status-publish","hentry"],"_links":{"self":[{"href":"https:\/\/mojepomoce.pl\/test1\/wp-json\/wp\/v2\/pages\/630","targetHints":{"allow":["GET"]}}],"collection":[{"href":"https:\/\/mojepomoce.pl\/test1\/wp-json\/wp\/v2\/pages"}],"about":[{"href":"https:\/\/mojepomoce.pl\/test1\/wp-json\/wp\/v2\/types\/page"}],"author":[{"embeddable":true,"href":"https:\/\/mojepomoce.pl\/test1\/wp-json\/wp\/v2\/users\/1"}],"replies":[{"embeddable":true,"href":"https:\/\/mojepomoce.pl\/test1\/wp-json\/wp\/v2\/comments?post=630"}],"version-history":[{"count":17,"href":"https:\/\/mojepomoce.pl\/test1\/wp-json\/wp\/v2\/pages\/630\/revisions"}],"predecessor-version":[{"id":3182,"href":"https:\/\/mojepomoce.pl\/test1\/wp-json\/wp\/v2\/pages\/630\/revisions\/3182"}],"wp:attachment":[{"href":"https:\/\/mojepomoce.pl\/test1\/wp-json\/wp\/v2\/media?parent=630"}],"curies":[{"name":"wp","href":"https:\/\/api.w.org\/{rel}","templated":true}]}}