{"id":642,"date":"2024-08-08T08:43:12","date_gmt":"2024-08-08T06:43:12","guid":{"rendered":"https:\/\/mojepomoce.pl\/test1\/?page_id=642"},"modified":"2025-07-07T09:36:41","modified_gmt":"2025-07-07T07:36:41","slug":"licencja-uzytkownika","status":"publish","type":"page","link":"https:\/\/mojepomoce.pl\/test1\/licencja-uzytkownika\/","title":{"rendered":"Licencja u\u017cytkownika"},"content":{"rendered":"<style>.wp-block-kadence-column.kb-section-dir-horizontal > .kt-inside-inner-col > .kt-info-box642_2f1991-2e .kt-blocks-info-box-link-wrap{max-width:unset;}.kt-info-box642_2f1991-2e .kt-blocks-info-box-link-wrap{border-top:5px solid var(--global-palette7, #eeeeee);border-right:5px solid var(--global-palette7, #eeeeee);border-bottom:5px solid var(--global-palette7, #eeeeee);border-left:5px solid var(--global-palette7, #eeeeee);border-top-left-radius:20px;border-top-right-radius:20px;border-bottom-right-radius:20px;border-bottom-left-radius:20px;background:#ffffff;padding-top:var(--global-kb-spacing-sm, 1.5rem);padding-right:var(--global-kb-spacing-sm, 1.5rem);padding-bottom:var(--global-kb-spacing-sm, 1.5rem);padding-left:var(--global-kb-spacing-sm, 1.5rem);margin-top:50px;}.kt-info-box642_2f1991-2e .kadence-info-box-icon-container .kt-info-svg-icon, .kt-info-box642_2f1991-2e .kt-info-svg-icon-flip, .kt-info-box642_2f1991-2e .kt-blocks-info-box-number{font-size:50px;}.kt-info-box642_2f1991-2e .kt-blocks-info-box-media{background:#ffffff;border-color:var(--global-palette7, #eeeeee);border-radius:200px;overflow:hidden;border-top-width:5px;border-right-width:5px;border-bottom-width:5px;border-left-width:5px;padding-top:20px;padding-right:20px;padding-bottom:20px;padding-left:20px;}.kt-info-box642_2f1991-2e .kt-blocks-info-box-media-container{margin-top:-75px;margin-right:0px;margin-bottom:20px;margin-left:0px;}.kt-info-box642_2f1991-2e .kt-blocks-info-box-media .kadence-info-box-image-intrisic img{border-radius:200px;}.kt-info-box642_2f1991-2e .kt-infobox-textcontent h2.kt-blocks-info-box-title{padding-top:0px;padding-right:0px;padding-bottom:0px;padding-left:0px;margin-top:5px;margin-right:0px;margin-bottom:10px;margin-left:0px;}.kt-info-box642_2f1991-2e .kt-blocks-info-box-learnmore{background:transparent;border-width:0px 0px 0px 0px;padding-top:4px;padding-right:8px;padding-bottom:4px;padding-left:8px;margin-top:10px;margin-right:0px;margin-bottom:10px;margin-left:0px;}@media all and (max-width: 1024px){.kt-info-box642_2f1991-2e .kt-blocks-info-box-link-wrap{border-top:5px solid var(--global-palette7, #eeeeee);border-right:5px solid var(--global-palette7, #eeeeee);border-bottom:5px solid var(--global-palette7, #eeeeee);border-left:5px solid var(--global-palette7, #eeeeee);}}@media all and (max-width: 767px){.kt-info-box642_2f1991-2e .kt-blocks-info-box-link-wrap{border-top:5px solid var(--global-palette7, #eeeeee);border-right:5px solid var(--global-palette7, #eeeeee);border-bottom:5px solid var(--global-palette7, #eeeeee);border-left:5px solid var(--global-palette7, #eeeeee);}}<\/style>\n<div class=\"wp-block-kadence-infobox kt-info-box642_2f1991-2e\"><span class=\"kt-blocks-info-box-link-wrap info-box-link kt-blocks-info-box-media-align-top kt-info-halign-center\"><div class=\"kt-blocks-info-box-media-container\"><div class=\"kt-blocks-info-box-media kt-info-media-animate-none\"><div class=\"kadence-info-box-icon-container kt-info-icon-animate-none\"><div class=\"kadence-info-box-icon-inner-container\"><span class=\"kb-svg-icon-wrap kb-svg-icon-fe_alertCircle kt-info-svg-icon\"><svg viewBox=\"0 0 24 24\"  fill=\"none\" stroke=\"currentColor\" stroke-width=\"2\" stroke-linecap=\"round\" stroke-linejoin=\"round\" xmlns=\"http:\/\/www.w3.org\/2000\/svg\"  aria-hidden=\"true\"><circle cx=\"12\" cy=\"12\" r=\"10\"\/><line x1=\"12\" y1=\"8\" x2=\"12\" y2=\"12\"\/><line x1=\"12\" y1=\"16\" x2=\"12\" y2=\"16\"\/><\/svg><\/span><\/div><\/div><\/div><\/div><div class=\"kt-infobox-textcontent\"><h2 class=\"kt-blocks-info-box-title\"><strong>Licencja na u\u017cytek prywatny materia\u0142\u00f3w zakupionych na stronie MojePomoce.pl<\/strong><\/h2><p class=\"kt-blocks-info-box-text\"><strong>Dozwolone u\u017cycie zakupionych materia\u0142\u00f3w:<\/strong><br>Korzystanie z materia\u0142\u00f3w w ramach wykonywanej pracy lub funkcji, np. podczas zaj\u0119\u0107 szkolnych, konsultacji psychologicznych, szkole\u0144 oraz warsztat\u00f3w.<br>Wykorzystanie materia\u0142\u00f3w do przygotowywania tablic informacyjnych z tre\u015bciami edukacyjnymi.<br>Udost\u0119pnianie materia\u0142\u00f3w uczniom w trakcie prowadzonych zaj\u0119\u0107.<br><br><strong>Niedozwolone u\u017cycie zakupionych materia\u0142\u00f3w:<\/strong><br>Publikowanie i rozpowszechnianie materia\u0142\u00f3w na stronach internetowych, w tym stronach szk\u00f3\u0142 czy plac\u00f3wek psychologicznych, w serwisach spo\u0142eczno\u015bciowych i grupach internetowych.<br>Odsprzeda\u017c materia\u0142\u00f3w osobom trzecim.<br>Modyfikowanie materia\u0142\u00f3w<br><br><strong>Definicje<\/strong><br>a) <strong>Materia\u0142y<\/strong> \u2013 oznacza wszelkie tre\u015bci, teksty, obrazy, filmy, pliki d\u017awi\u0119kowe, oprogramowanie lub inne materia\u0142y udost\u0119pnione przez Wydawc\u0119.<br>b) <strong>Licencjobiorca<\/strong> \u2013 oznacza osob\u0119 fizyczn\u0105 lub prawn\u0105, kt\u00f3ra zakupi\u0142a lub uzyska\u0142a dost\u0119p do materia\u0142\u00f3w na u\u017cytek prywatny.<br>c) <strong>Wydawca<\/strong> \u2013 oznacza w\u0142a\u015bciciela praw autorskich do materia\u0142\u00f3w oraz firmy powi\u0105zane z ich wydaniem i dystrybucj\u0105.<br><br><strong>Zakres Licencji<\/strong><br>Wydawca udziela Licencjobiorcy niewy\u0142\u0105cznej licencji na prywatne korzystanie z materia\u0142\u00f3w. Licencjobiorca ma prawo u\u017cywa\u0107 materia\u0142\u00f3w wy\u0142\u0105cznie do cel\u00f3w prywatnych i osobistych, niekomercyjnych.<br><br><strong>Przyk\u0142ady prywatnego u\u017cycia materia\u0142\u00f3w:<\/strong><br>Wykorzystanie materia\u0142\u00f3w w ramach wykonywanej pracy lub funkcji, np. podczas zaj\u0119\u0107 szkolnych, konsultacji psychologicznych z pacjentami, szkole\u0144 i warsztat\u00f3w, przygotowywania tablic informacyjnych z materia\u0142ami edukacyjnymi.<br><br><strong>Zakaz U\u017cycia Komercyjnego<\/strong><br>Licencjobiorca nie ma prawa wykorzystywa\u0107 materia\u0142\u00f3w do cel\u00f3w komercyjnych bez wyra\u017anej pisemnej zgody Wydawcy. Zakazane jest publikowanie i rozpowszechnianie materia\u0142\u00f3w na stronach internetowych, w serwisach spo\u0142eczno\u015bciowych i grupach internetowych, odsprzeda\u017c materia\u0142\u00f3w osobom trzecim oraz ich modyfikowanie. Materia\u0142y s\u0105 chronione cyfrowym znakiem wodnym.<br><br><strong>Ochrona Praw Autorskich<\/strong><br>Wszelkie prawa autorskie do materia\u0142\u00f3w oraz wszelkie inne prawa w\u0142asno\u015bci intelektualnej pozostaj\u0105 w\u0142asno\u015bci\u0105 Wydawcy. Licencja udzielona Licencjobiorcy nie stanowi przeniesienia praw autorskich ani innych praw w\u0142asno\u015bci intelektualnej.<br><br><strong>Zakaz Dystrybucji lub Udost\u0119pniania Materia\u0142\u00f3w<\/strong><br>Licencjobiorca nie ma prawa kopiowa\u0107, dystrybuowa\u0107, udost\u0119pnia\u0107 publicznie, ani przekazywa\u0107 materia\u0142\u00f3w osobom trzecim bez wyra\u017anej pisemnej zgody Wydawcy, z wyj\u0105tkiem: post\u00f3w umieszczonych na stronie Wydawcy oraz w mediach spo\u0142eczno\u015bciowych Wydawcy. Udost\u0119pnione lub skopiowane teksty nale\u017cy ka\u017cdorazowo podpisa\u0107 autorem, tj. Wydawca.<br>Licencjobiorca nie ma prawa sprzedawa\u0107 \u017cadnych materia\u0142\u00f3w udost\u0119pnionych przez Wydawc\u0119.<br><br><strong>Odpowiedzialno\u015b\u0107<\/strong><br>Wydawca nie ponosi odpowiedzialno\u015bci za jakiekolwiek szkody wynikaj\u0105ce z korzystania z materia\u0142\u00f3w przez Licencjobiorc\u0119.<br><br><strong>Zmiany w Licencji<\/strong><br>Wydawca zastrzega sobie prawo do zmiany warunk\u00f3w tej licencji w dowolnym momencie. Zmiany te b\u0119d\u0105 obowi\u0105zywa\u0107 od chwili opublikowania nowej wersji licencji na stronie internetowej Wydawcy.<br><br><strong>Postanowienia Ko\u0144cowe<\/strong><br>a) Niniejsza licencja stanowi pe\u0142ne porozumienie mi\u0119dzy stronami w sprawie jej przedmiotu i zast\u0119puje wszelkie wcze\u015bniejsze ustalenia lub porozumienia mi\u0119dzy stronami.<br>b) Wszelkie spory wynikaj\u0105ce z lub w zwi\u0105zku z niniejsz\u0105 licencj\u0105 b\u0119d\u0105 rozstrzygane zgodnie z prawem w\u0142a\u015bciwym dla siedziby Wydawcy.<br>c) W przypadku niewa\u017cno\u015bci lub niewykonalno\u015bci kt\u00f3regokolwiek postanowienia niniejszej licencji, pozosta\u0142e postanowienia pozostan\u0105 w mocy w najszerszym zakresie dozwolonym przez prawo.<br>d) Niniejsza licencja jest wi\u0105\u017c\u0105ca dla obu stron oraz ich nast\u0119pc\u00f3w i prawowitych nabywc\u00f3w.<br>e) Wszelkie pytania dotycz\u0105ce tej licencji mo\u017cna kierowa\u0107 na adres kontaktowy Wydawcy kontakt@mojepomoce.pl<br><br>Ostatnia aktualizacja dnia: 07.07.2025 r.<\/p><\/div><\/span><\/div>\n","protected":false},"excerpt":{"rendered":"","protected":false},"author":1,"featured_media":0,"parent":0,"menu_order":0,"comment_status":"closed","ping_status":"closed","template":"","meta":{"_kadence_starter_templates_imported_post":false,"_kad_post_transparent":"","_kad_post_title":"","_kad_post_layout":"","_kad_post_sidebar_id":"","_kad_post_content_style":"","_kad_post_vertical_padding":"","_kad_post_feature":"","_kad_post_feature_position":"","_kad_post_header":false,"_kad_post_footer":false,"footnotes":""},"class_list":["post-642","page","type-page","status-publish","hentry"],"_links":{"self":[{"href":"https:\/\/mojepomoce.pl\/test1\/wp-json\/wp\/v2\/pages\/642","targetHints":{"allow":["GET"]}}],"collection":[{"href":"https:\/\/mojepomoce.pl\/test1\/wp-json\/wp\/v2\/pages"}],"about":[{"href":"https:\/\/mojepomoce.pl\/test1\/wp-json\/wp\/v2\/types\/page"}],"author":[{"embeddable":true,"href":"https:\/\/mojepomoce.pl\/test1\/wp-json\/wp\/v2\/users\/1"}],"replies":[{"embeddable":true,"href":"https:\/\/mojepomoce.pl\/test1\/wp-json\/wp\/v2\/comments?post=642"}],"version-history":[{"count":11,"href":"https:\/\/mojepomoce.pl\/test1\/wp-json\/wp\/v2\/pages\/642\/revisions"}],"predecessor-version":[{"id":3174,"href":"https:\/\/mojepomoce.pl\/test1\/wp-json\/wp\/v2\/pages\/642\/revisions\/3174"}],"wp:attachment":[{"href":"https:\/\/mojepomoce.pl\/test1\/wp-json\/wp\/v2\/media?parent=642"}],"curies":[{"name":"wp","href":"https:\/\/api.w.org\/{rel}","templated":true}]}}