{"id":1413,"date":"2024-09-09T11:54:22","date_gmt":"2024-09-09T09:54:22","guid":{"rendered":"https:\/\/mojepomoce.pl\/?post_type=product&#038;p=1413"},"modified":"2025-07-07T12:13:20","modified_gmt":"2025-07-07T10:13:20","slug":"scenariusze-psychologa-dzieci-3-6-lat","status":"publish","type":"product","link":"https:\/\/mojepomoce.pl\/test1\/produkt\/scenariusze-psychologa-dzieci-3-6-lat\/","title":{"rendered":"10 Scenariuszy zaj\u0119\u0107 dla Psychologa"},"content":{"rendered":"<h3 data-rm-block-id=\"block-1\"><strong>10 temat\u00f3w scenariuszy psychologa dla dzieci 3-6 lat<\/strong><\/h3>\n<p data-rm-block-id=\"block-2\">Ten wyj\u0105tkowy pakiet zawiera 10 scenariuszy psychologicznych, podzielonych na dwie grupy wiekowe: dla dzieci w wieku 3-4 lata oraz 5-6 lat. Ka\u017cdy z 10 temat\u00f3w zosta\u0142 dostosowany do poziomu rozwoju emocjonalnego dzieci w obu przedzia\u0142ach wiekowych, co daje nam \u0142\u0105cznie 20 scenariuszy psychologa dla dzieci 3\u20136 lat. Scenariusze psychologa dla dzieci 3\u20136 lat pomagaj\u0105 w rozwijaniu umiej\u0119tno\u015bci spo\u0142ecznych, emocjonalnych i poznawczych u dzieci, wspieraj\u0105c ich w budowaniu relacji, radzeniu sobie z trudnymi emocjami, rozwijaniu empatii, odwagi oraz uwa\u017cno\u015bci. Ka\u017cdy scenariusz zawiera \u0107wiczenia, zabawy ruchowe i propozycje rozm\u00f3w, kt\u00f3re pomagaj\u0105 w lepszym zrozumieniu \u015bwiata emocji przez dzieci.<\/p>\n<p data-rm-block-id=\"block-3\">Idealny dla psycholog\u00f3w, pedagog\u00f3w, terapeut\u00f3w, kt\u00f3rzy chc\u0105 wprowadza\u0107 dzieci w \u015bwiat emocji w spos\u00f3b przyst\u0119pny i anga\u017cuj\u0105cy.<\/p>\n","protected":false},"excerpt":{"rendered":"<p><strong>Pakiet 10 scenariuszy psychologicznych dla dzieci w wieku 3-6 lat,<\/strong> podzielonych na dwie grupy wiekowe, wspiera rozw\u00f3j emocjonalny, spo\u0142eczny i poznawczy. Scenariusze s\u0105 idealne do pracy z dzie\u0107mi nad tematami emocji, empatii, odwagi, wsp\u00f3\u0142pracy i uwa\u017cno\u015bci.<\/p>\n","protected":false},"featured_media":1414,"comment_status":"open","ping_status":"closed","template":"","meta":{"_kadence_starter_templates_imported_post":false,"_kad_post_transparent":"default","_kad_post_title":"","_kad_post_layout":"default","_kad_post_sidebar_id":"","_kad_post_content_style":"default","_kad_post_vertical_padding":"default","_kad_post_feature":"","_kad_post_feature_position":"","_kad_post_header":false,"_kad_post_footer":false},"product_brand":[461],"product_cat":[21,17],"product_tag":[366,364,367,362,339,184,358,357,368,370,360,361,359,185],"class_list":{"0":"post-1413","1":"product","2":"type-product","3":"status-publish","4":"has-post-thumbnail","6":"product_brand-mojepomoce-pl","7":"product_cat-psycholog","8":"product_cat-bez-kategorii","9":"product_tag-emocje-i-przyjazn","10":"product_tag-empatia-u-dzieci","11":"product_tag-pakiet-scenariuszy","12":"product_tag-psycholog-dla-dzieci","13":"product_tag-rozwoj-dzieci","14":"product_tag-rozwoj-emocjonalny-dzieci","15":"product_tag-scenariusze-dla-przedszkolakow","16":"product_tag-scenariusze-dla-psychologa","17":"product_tag-scenariusze-do-zajec","18":"product_tag-scenariusze-edukacyjne","19":"product_tag-scenariusze-terapeutyczne","20":"product_tag-wsparcie-dla-dzieci","21":"product_tag-zabawy-psychologiczne","22":"product_tag-zajecia-terapeutyczne","24":"first","25":"instock","26":"featured","27":"downloadable","28":"virtual","29":"purchasable","30":"product-type-simple","31":"entry","32":"content-bg","33":"loop-entry"},"_links":{"self":[{"href":"https:\/\/mojepomoce.pl\/test1\/wp-json\/wp\/v2\/product\/1413","targetHints":{"allow":["GET"]}}],"collection":[{"href":"https:\/\/mojepomoce.pl\/test1\/wp-json\/wp\/v2\/product"}],"about":[{"href":"https:\/\/mojepomoce.pl\/test1\/wp-json\/wp\/v2\/types\/product"}],"replies":[{"embeddable":true,"href":"https:\/\/mojepomoce.pl\/test1\/wp-json\/wp\/v2\/comments?post=1413"}],"wp:featuredmedia":[{"embeddable":true,"href":"https:\/\/mojepomoce.pl\/test1\/wp-json\/wp\/v2\/media\/1414"}],"wp:attachment":[{"href":"https:\/\/mojepomoce.pl\/test1\/wp-json\/wp\/v2\/media?parent=1413"}],"wp:term":[{"taxonomy":"product_brand","embeddable":true,"href":"https:\/\/mojepomoce.pl\/test1\/wp-json\/wp\/v2\/product_brand?post=1413"},{"taxonomy":"product_cat","embeddable":true,"href":"https:\/\/mojepomoce.pl\/test1\/wp-json\/wp\/v2\/product_cat?post=1413"},{"taxonomy":"product_tag","embeddable":true,"href":"https:\/\/mojepomoce.pl\/test1\/wp-json\/wp\/v2\/product_tag?post=1413"}],"curies":[{"name":"wp","href":"https:\/\/api.w.org\/{rel}","templated":true}]}}