{"id":1479,"date":"2024-09-20T13:19:34","date_gmt":"2024-09-20T11:19:34","guid":{"rendered":"https:\/\/mojepomoce.pl\/?post_type=product&#038;p=1479"},"modified":"2025-07-07T12:03:08","modified_gmt":"2025-07-07T10:03:08","slug":"wzory-wopfu-i-ipet-przedszkole","status":"publish","type":"product","link":"https:\/\/mojepomoce.pl\/test1\/produkt\/wzory-wopfu-i-ipet-przedszkole\/","title":{"rendered":"Wzory WOPFU i IPET przedszkole"},"content":{"rendered":"<p data-rm-block-id=\"block-2\">To kompleksowe narz\u0119dzie dedykowane nauczycielom, specjalistom przedszkolnym oraz dyrekcjom plac\u00f3wek edukacyjnych, kt\u00f3re wspiera ocen\u0119 i planowanie rozwoju dzieci w wieku od 3 do 6 lat. Publikacja zawiera <strong>1320 przyk\u0142ad\u00f3w osi\u0105gni\u0119\u0107 rozwojowych dzieci<\/strong>, kt\u00f3re zosta\u0142y szczeg\u00f3\u0142owo rozpisane na r\u00f3\u017cne obszary rozwoju, w tym motoryk\u0119 ma\u0142\u0105 i du\u017c\u0105, umiej\u0119tno\u015bci spo\u0142eczne, komunikacyjne, poznawcze, integracj\u0119 sensoryczn\u0105 (\u0142\u0105cznie 11 obszar\u00f3w) oraz wzory WOPFU i IPET przedszkole.<\/p>\n<p data-rm-block-id=\"block-3\">G\u0142\u00f3wnym atutem tego e-booka jest szczeg\u00f3\u0142owy opis przypadku pi\u0119cioletniej dziewczynki z autyzmem, kt\u00f3ry pomo\u017ce Wam lepiej zrozumie\u0107, jak tworzy\u0107 Wielospecjalistyczn\u0105 Ocen\u0119 Poziomu Funkcjonowania Ucznia (WOPFU) oraz Indywidualny Program Edukacyjno-Terapeutyczny (IPET) dla dzieci ze specjalnymi potrzebami. Znajdziecie tutaj <strong>gotowy wz\u00f3r WOPFU oraz IPET<\/strong>, kt\u00f3re mo\u017cna \u0142atwo dostosowa\u0107 i wype\u0142ni\u0107 w odniesieniu do ka\u017cdego dziecka oraz wzory WOPFU i IPET przedszkole.<\/p>\n<p data-rm-block-id=\"block-4\">Dzi\u0119ki e-bookowi:<\/p>\n<ul>\n<li data-rm-block-id=\"block-5\">Otrzymasz dost\u0119p do <strong>praktycznych narz\u0119dzi<\/strong>, kt\u00f3re u\u0142atwi\u0105 Ci ocen\u0119 poziomu funkcjonowania ka\u017cdego dziecka.<\/li>\n<li data-rm-block-id=\"block-6\">B\u0119dziesz m\u00f3g\u0142\/mog\u0142a <strong>przeprowadzi\u0107 kompleksow\u0105 diagnoz\u0119<\/strong> rozwoju dziecka, na podstawie realnych przyk\u0142ad\u00f3w.<\/li>\n<li data-rm-block-id=\"block-7\">Znajdziesz <strong>gotowe wzory WOPFU i IPET<\/strong> do wype\u0142nienia, kt\u00f3re pomog\u0105 Ci w planowaniu indywidualnych dzia\u0142a\u0144 terapeutycznych.<\/li>\n<li data-rm-block-id=\"block-8\">Skorzystasz z <strong>ponad 1320 przyk\u0142ad\u00f3w<\/strong> osi\u0105gni\u0119\u0107 dzieci w wieku 3-6 lat, kt\u00f3re u\u0142atwi\u0105 Ci rozpisanie umiej\u0119tno\u015bci w r\u00f3\u017cnych obszarach rozwojowych.<\/li>\n<\/ul>\n<p data-rm-block-id=\"block-9\">E-book ma <strong>50 stron<\/strong>, jest przygotowany w spos\u00f3b przejrzysty i \u0142atwy w obs\u0142udze. Przeznaczony jest zar\u00f3wno dla os\u00f3b do\u015bwiadczonych w pracy z dzie\u0107mi, jak i dla tych, kt\u00f3rzy dopiero zaczynaj\u0105 swoj\u0105 przygod\u0119 w tym obszarze.<\/p>\n<p data-rm-block-id=\"block-10\">To narz\u0119dzie, kt\u00f3re z pewno\u015bci\u0105 u\u0142atwi Ci codzienn\u0105 prac\u0119, oszcz\u0119dzi czas i pomo\u017ce w opracowywaniu efektywnych plan\u00f3w pracy z dzie\u0107mi. Dzi\u0119ki temu e-bookowi b\u0119dziesz m\u00f3g\u0142\/mog\u0142a jeszcze lepiej wspiera\u0107 rozw\u00f3j dzieci i monitorowa\u0107 ich post\u0119py na przestrzeni czasu.<\/p>\n<p data-rm-block-id=\"block-11\"><strong>Zainwestuj w narz\u0119dzie, kt\u00f3re pozwoli Ci jeszcze lepiej wspiera\u0107 dzieci w ich rozwoju!<\/strong><\/p>\n","protected":false},"excerpt":{"rendered":"<p><strong>&#8222;Wzory WOPFU i IPET przedszkole&#8221;<\/strong> zawiera 1320 przyk\u0142ad\u00f3w osi\u0105gni\u0119\u0107 rozwojowych dzieci, gotowe wzory WOPFU i IPET oraz szczeg\u00f3\u0142owy opis przypadku pi\u0119cioletniej dziewczynki z autyzmem. Idealny dla nauczycieli i specjalist\u00f3w przedszkolnych. 50 stron praktycznych narz\u0119dzi wspieraj\u0105cych rozw\u00f3j dzieci.<\/p>\n","protected":false},"featured_media":1485,"comment_status":"open","ping_status":"closed","template":"","meta":{"_kadence_starter_templates_imported_post":false,"_kad_post_transparent":"default","_kad_post_title":"","_kad_post_layout":"default","_kad_post_sidebar_id":"","_kad_post_content_style":"default","_kad_post_vertical_padding":"default","_kad_post_feature":"","_kad_post_feature_position":"","_kad_post_header":false,"_kad_post_footer":false},"product_brand":[461],"product_cat":[21,17],"product_tag":[375,384,192,374,381,380,385,190,376,378,34,383,379,373,188],"class_list":{"0":"post-1479","1":"product","2":"type-product","3":"status-publish","4":"has-post-thumbnail","6":"product_brand-mojepomoce-pl","7":"product_cat-psycholog","8":"product_cat-bez-kategorii","9":"product_tag-autyzm","10":"product_tag-indywidualny-program-terapeutyczny","11":"product_tag-integracja-sensoryczna","12":"product_tag-ipet","13":"product_tag-komunikacja","14":"product_tag-motoryka","15":"product_tag-narzedzia-dla-nauczycieli","16":"product_tag-narzedzia-edukacyjne","17":"product_tag-ocena-rozwoju","18":"product_tag-przyklady-osiagniec","19":"product_tag-rozwoj-dziecka","20":"product_tag-specjalista-przedszkolny","21":"product_tag-umiejetnosci-spoleczne","22":"product_tag-wopfu","23":"product_tag-wsparcie-rozwojowe","25":"first","26":"instock","27":"downloadable","28":"virtual","29":"purchasable","30":"product-type-simple","31":"entry","32":"content-bg","33":"loop-entry"},"_links":{"self":[{"href":"https:\/\/mojepomoce.pl\/test1\/wp-json\/wp\/v2\/product\/1479","targetHints":{"allow":["GET"]}}],"collection":[{"href":"https:\/\/mojepomoce.pl\/test1\/wp-json\/wp\/v2\/product"}],"about":[{"href":"https:\/\/mojepomoce.pl\/test1\/wp-json\/wp\/v2\/types\/product"}],"replies":[{"embeddable":true,"href":"https:\/\/mojepomoce.pl\/test1\/wp-json\/wp\/v2\/comments?post=1479"}],"wp:featuredmedia":[{"embeddable":true,"href":"https:\/\/mojepomoce.pl\/test1\/wp-json\/wp\/v2\/media\/1485"}],"wp:attachment":[{"href":"https:\/\/mojepomoce.pl\/test1\/wp-json\/wp\/v2\/media?parent=1479"}],"wp:term":[{"taxonomy":"product_brand","embeddable":true,"href":"https:\/\/mojepomoce.pl\/test1\/wp-json\/wp\/v2\/product_brand?post=1479"},{"taxonomy":"product_cat","embeddable":true,"href":"https:\/\/mojepomoce.pl\/test1\/wp-json\/wp\/v2\/product_cat?post=1479"},{"taxonomy":"product_tag","embeddable":true,"href":"https:\/\/mojepomoce.pl\/test1\/wp-json\/wp\/v2\/product_tag?post=1479"}],"curies":[{"name":"wp","href":"https:\/\/api.w.org\/{rel}","templated":true}]}}