{"id":2451,"date":"2025-02-18T06:27:19","date_gmt":"2025-02-18T05:27:19","guid":{"rendered":"https:\/\/mojepomoce.pl\/produkt\/emocjonalne-bajki-dla-dzieci-terapeutyczne-opowiesci-na-pdf\/"},"modified":"2025-07-07T11:45:53","modified_gmt":"2025-07-07T09:45:53","slug":"terapeutyczne-bajki-dla-dzieci","status":"publish","type":"product","link":"https:\/\/mojepomoce.pl\/test1\/produkt\/terapeutyczne-bajki-dla-dzieci\/","title":{"rendered":"Terapeutyczne bajki dla dzieci"},"content":{"rendered":"<p><strong>Witaj w \u015bwiecie terapeutycznych bajek dla dzieci, kt\u00f3re zosta\u0142y stworzone z my\u015bl\u0105 o wsparciu emocjonalnym oraz rozwoju spo\u0142ecznym dzieci<\/strong><strong>.<\/strong><\/p>\n<p>Wszystkie terapeutyczne bajki dla dzieci s\u0105 wyj\u0105tkowe i dostosowane do potrzeb najm\u0142odszych<\/p>\n<p>To w\u0142a\u015bnie terapeutyczne bajki dla dzieci pomagaj\u0105 w rozwoju emocjonalnym i spo\u0142ecznym najm\u0142odszych.<\/p>\n<p>Te terapeutyczne bajki dla dzieci s\u0105 doskona\u0142ym narz\u0119dziem do pracy z emocjami, pomagaj\u0105c m\u0142odym czytelnikom zrozumie\u0107 otaczaj\u0105cy ich \u015bwiat i to, co czuj\u0105.<\/p>\n<p>Dlatego terapeutyczne bajki dla dzieci s\u0105 niezwykle cenne w procesie edukacyjnym.<\/p>\n<p>Ka\u017cda bajka jest opowie\u015bci\u0105 o tym, jak rozpozna\u0107 swoje emocje i zrozumie\u0107, jak sobie z nimi radzi\u0107. Bohaterowie terapeutycznych bajek dla dzieci, podobnie jak same dzieci, ucz\u0105 si\u0119, \u017ce strach to naturalna cz\u0119\u015b\u0107 \u017cycia, ale warto pr\u00f3bowa\u0107 go pokonywa\u0107. Uwa\u017cno\u015b\u0107 i skupienie na chwili obecnej mog\u0105 przynie\u015b\u0107 spok\u00f3j i pom\u00f3c odnale\u017a\u0107 rado\u015b\u0107 w codziennych, ma\u0142ych rzeczach. Z kolei akceptacja r\u00f3\u017cnorodno\u015bci i szacunek do odmiennych cech innych ludzi ucz\u0105 dzieci, \u017ce pi\u0119kno \u015bwiata tkwi w r\u00f3\u017cnorodno\u015bci.<\/p>\n<p>Warto r\u00f3wnie\u017c zaznaczy\u0107, \u017ce terapeutyczne bajki dla dzieci mog\u0105 by\u0107 wykorzystywane przez specjalist\u00f3w w pracy z dzie\u0107mi.<\/p>\n<p>Bohaterowie bajek spotykaj\u0105 si\u0119 z r\u00f3\u017cnymi wyzwaniami \u2013 takimi jak l\u0119k przed nowymi sytuacjami, trudno\u015bci w dzieleniu si\u0119, pokonywanie z\u0142o\u015bci czy akceptowanie swoich ogranicze\u0144 \u2013 i pokazuj\u0105 dzieciom, \u017ce nie ma nic z\u0142ego w proszeniu o pomoc. Bajki te ucz\u0105, \u017ce mo\u017cna si\u0119 rozwija\u0107 i stawa\u0107 silniejszym, ucz\u0105c si\u0119 rozmawia\u0107, s\u0142ucha\u0107 i wsp\u00f3\u0142pracowa\u0107 z innymi w kontek\u015bcie terapeutycznych bajek dla dzieci.<\/p>\n<p>Ka\u017cda bajka zosta\u0142a wzbogacona o cztery pytania, kt\u00f3re pozwalaj\u0105 dzieciom w pe\u0142ni zrozumie\u0107 mora\u0142 opowie\u015bci oraz rozwija\u0107 umiej\u0119tno\u015b\u0107 refleksji nad swoimi uczuciami i postawami. Dzi\u0119ki \u0142\u0105cznie 40 pytaniom, dzieci s\u0105 zach\u0119cane do aktywnego uczestnictwa w rozmowie, co dodatkowo wzmacnia ich zdolno\u015b\u0107 do wyra\u017cania swoich my\u015bli i emocji.<\/p>\n<p>E-book, licz\u0105cy 21 stron, jest wspania\u0142ym narz\u0119dziem dla rodzic\u00f3w, nauczycieli i opiekun\u00f3w, kt\u00f3rzy chc\u0105 wspiera\u0107 dzieci w ich emocjonalnym rozwoju. Ka\u017cda opowie\u015b\u0107 zosta\u0142a napisana w prosty, przyst\u0119pny spos\u00f3b, dzi\u0119ki czemu dzieci mog\u0105 \u0142atwo uto\u017csami\u0107 si\u0119 z bohaterami i zrozumie\u0107 przes\u0142ania zawarte w bajkach. Te terapeutyczne historie to doskona\u0142y spos\u00f3b na wprowadzenie dzieci w \u015bwiat emocji, zrozumienia innych i odnalezienia w sobie si\u0142y do pokonywania wyzwa\u0144 codziennego \u017cycia.<\/p>\n<p>Dzi\u0119ki temu zbiorowi bajek dzieci ucz\u0105 si\u0119 nie tylko rozumie\u0107 w\u0142asne uczucia, ale tak\u017ce wspiera\u0107 swoich r\u00f3wie\u015bnik\u00f3w i by\u0107 dobrymi przyjaci\u00f3\u0142mi. Opowie\u015bci te pomagaj\u0105 rozwija\u0107 umiej\u0119tno\u015bci spo\u0142eczne, budowa\u0107 poczucie w\u0142asnej warto\u015bci i daj\u0105 dzieciom narz\u0119dzia, aby radzi\u0107 sobie z emocjonalnymi trudno\u015bciami, kt\u00f3re napotykaj\u0105 na co dzie\u0144.<\/p>\n<p>W rezultacie terapeutyczne bajki dla dzieci staj\u0105 si\u0119 kluczowym elementem wsparcia emocjonalnego w rozwoju m\u0142odego cz\u0142owieka.<\/p>\n","protected":false},"excerpt":{"rendered":"<p>W e-booku znajdziesz zbi\u00f3r bajek terapeutycznych, kt\u00f3re zosta\u0142y stworzone z my\u015bl\u0105 o wspieraniu rozwoju emocjonalnego dzieci. Ka\u017cda bajka porusza wa\u017cne tematy, takie jak odwaga, empatia, radzenie sobie z trudno\u015bciami, akceptacja r\u00f3\u017cnorodno\u015bci oraz wa\u017cno\u015b\u0107. Dzi\u0119ki postaciom zwierz\u0105t, takich jak tygrys, \u015blimak, wieloryb czy zaj\u0105czek, dzieci ucz\u0105 si\u0119 rozpoznawa\u0107 i wyra\u017ca\u0107 swoje emocje, radzi\u0107 sobie w trudnych sytuacjach i zrozumie\u0107, jak wa\u017cna jest wsp\u00f3\u0142praca, wsparcie przyjaci\u00f3\u0142 i rodziny. Bajki te pomagaj\u0105 rozwija\u0107 umiej\u0119tno\u015bci spo\u0142eczne i budowa\u0107 pozytywny obraz siebie, daj\u0105c dzieciom narz\u0119dzia do pokonywania codziennych wyzwa\u0144.<\/p>\n","protected":false},"featured_media":2445,"comment_status":"open","ping_status":"closed","template":"","meta":{"_kadence_starter_templates_imported_post":false,"_kad_post_transparent":"default","_kad_post_title":"","_kad_post_layout":"default","_kad_post_sidebar_id":"","_kad_post_content_style":"default","_kad_post_vertical_padding":"default","_kad_post_feature":"","_kad_post_feature_position":"","_kad_post_header":false,"_kad_post_footer":false},"product_brand":[461],"product_cat":[21,17],"product_tag":[],"class_list":{"0":"post-2451","1":"product","2":"type-product","3":"status-publish","4":"has-post-thumbnail","6":"product_brand-mojepomoce-pl","7":"product_cat-psycholog","8":"product_cat-bez-kategorii","10":"first","11":"instock","12":"featured","13":"downloadable","14":"virtual","15":"sold-individually","16":"purchasable","17":"product-type-simple","18":"entry","19":"content-bg","20":"loop-entry"},"_links":{"self":[{"href":"https:\/\/mojepomoce.pl\/test1\/wp-json\/wp\/v2\/product\/2451","targetHints":{"allow":["GET"]}}],"collection":[{"href":"https:\/\/mojepomoce.pl\/test1\/wp-json\/wp\/v2\/product"}],"about":[{"href":"https:\/\/mojepomoce.pl\/test1\/wp-json\/wp\/v2\/types\/product"}],"replies":[{"embeddable":true,"href":"https:\/\/mojepomoce.pl\/test1\/wp-json\/wp\/v2\/comments?post=2451"}],"wp:featuredmedia":[{"embeddable":true,"href":"https:\/\/mojepomoce.pl\/test1\/wp-json\/wp\/v2\/media\/2445"}],"wp:attachment":[{"href":"https:\/\/mojepomoce.pl\/test1\/wp-json\/wp\/v2\/media?parent=2451"}],"wp:term":[{"taxonomy":"product_brand","embeddable":true,"href":"https:\/\/mojepomoce.pl\/test1\/wp-json\/wp\/v2\/product_brand?post=2451"},{"taxonomy":"product_cat","embeddable":true,"href":"https:\/\/mojepomoce.pl\/test1\/wp-json\/wp\/v2\/product_cat?post=2451"},{"taxonomy":"product_tag","embeddable":true,"href":"https:\/\/mojepomoce.pl\/test1\/wp-json\/wp\/v2\/product_tag?post=2451"}],"curies":[{"name":"wp","href":"https:\/\/api.w.org\/{rel}","templated":true}]}}