{"id":2550,"date":"2025-03-05T15:48:50","date_gmt":"2025-03-05T14:48:50","guid":{"rendered":"https:\/\/mojepomoce.pl\/produkt\/w-moich-butach-sladami-moich-mysli-i-emocji-suchoscieralny\/"},"modified":"2025-07-07T11:35:07","modified_gmt":"2025-07-07T09:35:07","slug":"w-moich-butach-workbook-emocje-dla-dzieci","status":"publish","type":"product","link":"https:\/\/mojepomoce.pl\/test1\/produkt\/w-moich-butach-workbook-emocje-dla-dzieci\/","title":{"rendered":"W moich butach\u2026 \u015aladami moich my\u015bli i emocji &#8211; Sucho\u015bcieralny zeszyt \u0107wicze\u0144"},"content":{"rendered":"<p><span style=\"font-size: 14px; font-family: Times New Roman;\">SUCHOSCIERALNY WORKBOOK \u2013 WIELOKROTNE U\u017bYCIE, NIEZWYK\u0141A TRWA\u0141O\u015a\u0106!<\/span><\/p>\n<p>\u201eW moich butach\u2026 \u015aladami moich my\u015bli i emocji\u201d to wyj\u0105tkowy sucho\u015bcieralny workbook emocje dla dzieci. Pomaga w rozwoju emocjonalnym dzieci w wieku 4-8 lat. Dzi\u0119ki temu narz\u0119dziu dzieci ucz\u0105 si\u0119 rozpoznawania uczu\u0107 oraz budowania empatii.<\/p>\n<p>Z czego jest wykonany?<\/p>\n<p>Jego trwa\u0142o\u015b\u0107 i u\u017cytkowo\u015b\u0107 podnosi wysokiej jako\u015bci papier kreda b\u0142ysk 350g, co czyni go idealnym do wielokrotnego u\u017cytku.<\/p>\n<p>. Zosta\u0142 dodatkowo zabezpieczony foli\u0105 b\u0142yszcz\u0105c\u0105, co sprawia, \u017ce workbook jest gruby, twardy i odporny na dzieci\u0119ce eksperymenty.<\/p>\n<p>Dzi\u0119ki temu narz\u0119dziu dzieci ucz\u0105 si\u0119 rozpoznawania uczu\u0107 oraz budowania empatii.<\/p>\n<p>Co znajdziesz w zestawie?<br \/>\n\u2714\ufe0f Workbook sucho\u015bcieralny \u2013 wytrzyma\u0142y, odporny na \u015bcieranie, idealny do wielokrotnego u\u017cytku<\/p>\n<p>Workbook jest odporny na \u015bcieranie, co sprawia, \u017ce ka\u017cde \u0107wiczenie mo\u017cna powtarza\u0107 niesko\u0144czon\u0105 ilo\u015b\u0107 razy.<\/p>\n<p>.<br \/>\n\u2714\ufe0f Mazak sucho\u015bcieralny w losowym kolorze (czerwony, zielony, czarny, niebieski).<br \/>\n\u2714\ufe0f Ekspresowa wysy\u0142ka \u2013 1-2 dni robocze od otrzymania p\u0142atno\u015bci.<\/p>\n<p>Czym jest ten workbook? To narz\u0119dzie do nauki poprzez do\u015bwiadczenie. Pozwala dzieciom odkrywa\u0107 w\u0142asne my\u015bli i uczucia. Wprowadza je w \u015bwiat emocji. Workbook emocje dla dzieci zawiera interaktywne \u0107wiczenia, kt\u00f3re pomagaj\u0105 w rozwoju emocjonalnym.<\/p>\n<p>Workbook emocje dla dzieci zawiera interaktywne \u0107wiczenia, kt\u00f3re pomagaj\u0105 w rozwoju emocjonalnym.<\/p>\n<p>To narz\u0119dzie do nauki poprzez do\u015bwiadczenie, kt\u00f3re pomaga dzieciom odkrywa\u0107 w\u0142asne my\u015bli i uczucia.<\/p>\n<p>To narz\u0119dzie do nauki poprzez do\u015bwiadczenie, kt\u00f3re pomaga dzieciom odkrywa\u0107 w\u0142asne my\u015bli i uczucia.<\/p>\n<p>Zam\u00f3w ju\u017c dzi\u015b i skorzystaj z naszego workbooka emocje dla dzieci, aby wspiera\u0107 rozw\u00f3j emocjonalny swojego dziecka.<\/p>\n<p>!<\/p>\n<p>Zam\u00f3w ju\u017c dzi\u015b i pozw\u00f3l dziecku rozwija\u0107 si\u0119 w \u015bwiecie emocji w spos\u00f3b interaktywny i dostosowany do jego potrzeb! Skorzystaj z naszego workbooka emocje dla dzieci.<\/p>\n","protected":false},"excerpt":{"rendered":"<p>Dzieci\u0119ce emocje zmieniaj\u0105 si\u0119 jak fale \u2013 dlatego ten workbook mo\u017cna wype\u0142nia\u0107 raz za razem!<\/p>\n<p>Ka\u017cde dziecko prze\u017cywa emocje inaczej i nie zawsze potrafi je od razu nazwa\u0107. \u201eW moich butach\u2026\u201d to workbook sucho\u015bcieralny, kt\u00f3ry pozwala dzieciom eksperymentowa\u0107, poprawia\u0107, odkrywa\u0107 i pr\u00f3bowa\u0107 ponownie. Mo\u017cna wype\u0142nia\u0107 go wiele razy, dostosowuj\u0105c zadania do zmieniaj\u0105cych si\u0119 uczu\u0107 i my\u015bli.<\/p>\n<p>Przemy\u015blany, wytrzyma\u0142y i dostosowany do ma\u0142ych r\u0105czek<\/p>\n<p>Gruba i twarda oprawa (papier kreda b\u0142ysk 350g)<br \/>\nFolia b\u0142ysk \u2013 ochrona przed \u015bcieraniem, zabrudzeniami i intensywnym u\u017cytkowaniem<br \/>\nSucho\u015bcieralne strony \u2013 rysuj, pisz, wymazuj i powtarzaj!<br \/>\nW zestawie:<br \/>\n\u2714 Workbook sucho\u015bcieralny \u2013 interaktywne narz\u0119dzie do pracy nad emocjami<br \/>\n\u2714 Jeden mazak sucho\u015bcieralny w losowym kolorze (czerwony, zielony, czarny, niebieski)<br \/>\n\u2714 Sugerowana marka dodatkowych mazak\u00f3w: Edding \u2013 najlepiej wsp\u00f3\u0142pracuje z workbookiem<br \/>\n\u2714 Wysy\u0142ka w ci\u0105gu 1-2 dni roboczych od zaksi\u0119gowania p\u0142atno\u015bci<\/p>\n<p>Pod\u0105\u017caj \u015bladami emocji razem z dzieckiem i pom\u00f3\u017c mu lepiej zrozumie\u0107 siebie!<\/p>\n","protected":false},"featured_media":2650,"comment_status":"open","ping_status":"closed","template":"","meta":{"_kadence_starter_templates_imported_post":false,"_kad_post_transparent":"default","_kad_post_title":"","_kad_post_layout":"default","_kad_post_sidebar_id":"","_kad_post_content_style":"default","_kad_post_vertical_padding":"default","_kad_post_feature":"","_kad_post_feature_position":"","_kad_post_header":false,"_kad_post_footer":false},"product_brand":[461],"product_cat":[21,17],"product_tag":[],"class_list":{"0":"post-2550","1":"product","2":"type-product","3":"status-publish","4":"has-post-thumbnail","6":"product_brand-mojepomoce-pl","7":"product_cat-psycholog","8":"product_cat-bez-kategorii","10":"first","11":"instock","12":"featured","13":"purchasable","14":"product-type-simple","15":"entry","16":"content-bg","17":"loop-entry"},"_links":{"self":[{"href":"https:\/\/mojepomoce.pl\/test1\/wp-json\/wp\/v2\/product\/2550","targetHints":{"allow":["GET"]}}],"collection":[{"href":"https:\/\/mojepomoce.pl\/test1\/wp-json\/wp\/v2\/product"}],"about":[{"href":"https:\/\/mojepomoce.pl\/test1\/wp-json\/wp\/v2\/types\/product"}],"replies":[{"embeddable":true,"href":"https:\/\/mojepomoce.pl\/test1\/wp-json\/wp\/v2\/comments?post=2550"}],"wp:featuredmedia":[{"embeddable":true,"href":"https:\/\/mojepomoce.pl\/test1\/wp-json\/wp\/v2\/media\/2650"}],"wp:attachment":[{"href":"https:\/\/mojepomoce.pl\/test1\/wp-json\/wp\/v2\/media?parent=2550"}],"wp:term":[{"taxonomy":"product_brand","embeddable":true,"href":"https:\/\/mojepomoce.pl\/test1\/wp-json\/wp\/v2\/product_brand?post=2550"},{"taxonomy":"product_cat","embeddable":true,"href":"https:\/\/mojepomoce.pl\/test1\/wp-json\/wp\/v2\/product_cat?post=2550"},{"taxonomy":"product_tag","embeddable":true,"href":"https:\/\/mojepomoce.pl\/test1\/wp-json\/wp\/v2\/product_tag?post=2550"}],"curies":[{"name":"wp","href":"https:\/\/api.w.org\/{rel}","templated":true}]}}