{"id":505,"date":"2024-08-06T15:38:42","date_gmt":"2024-08-06T13:38:42","guid":{"rendered":"https:\/\/mojepomoce.pl\/test1\/?post_type=product&#038;p=505"},"modified":"2025-07-07T12:32:48","modified_gmt":"2025-07-07T10:32:48","slug":"psychobox-zestaw-psychologa","status":"publish","type":"product","link":"https:\/\/mojepomoce.pl\/test1\/produkt\/psychobox-zestaw-psychologa\/","title":{"rendered":"PsychoBox &#8211; zestaw Psychologa"},"content":{"rendered":"<p data-rm-block-id=\"block-1\"><b>Psychobox &#8211; zestaw Psychologa!<\/b><\/p>\n<p data-rm-block-id=\"block-2\">Masz ju\u017c do\u015b\u0107 d\u0142ugich godzin sp\u0119dzonych na tworzeniu plan\u00f3w, arkuszy i obserwacji? Chcesz mie\u0107 gotowe narz\u0119dzia, kt\u00f3re u\u0142atwi\u0105 Ci prac\u0119 i pozwol\u0105 skupi\u0107 si\u0119 na tym, co naprawd\u0119 wa\u017cne \u2013 wspieraniu dzieci? Nasz <strong>Psychobox &#8211; zestaw psychologa<\/strong> jest stworzony w\u0142a\u015bnie dla Ciebie!<\/p>\n<p data-rm-block-id=\"block-3\">Co znajdziesz w \u015brodku?<\/p>\n<ul>\n<li data-rm-block-id=\"block-4\">Roczny plan pracy psychologa przedszkolnego (DOC)<\/li>\n<li data-rm-block-id=\"block-5\">Scenariusze zaj\u0119\u0107 zapoznawczych dla ka\u017cdej grupy wiekowej (PDF)<\/li>\n<li data-rm-block-id=\"block-6\">Karty obserwacji grupowej i indywidualnej (PDF)<\/li>\n<li data-rm-block-id=\"block-7\">Arkusze profilogram\u00f3w dla dzieci w wieku 3-6 lat z dodatkowymi wskaz\u00f3wkami (PDF)<\/li>\n<li data-rm-block-id=\"block-8\">Instrukcje i zgody na obserwacje i terapi\u0119 (PDF)<\/li>\n<li data-rm-block-id=\"block-9\">Plany pracy i sprawozdania z terapii oraz dzia\u0142alno\u015bci psychologicznej (DOC)<\/li>\n<li data-rm-block-id=\"block-10\">Materia\u0142y wspieraj\u0105ce zabawy i aktywno\u015bci dla dzieci (PDF)<\/li>\n<\/ul>\n<p data-rm-block-id=\"block-11\">Dokumenty w <strong>Psychobox &#8211; zestaw psychologa <\/strong>s\u0105 dost\u0119pne w edytowalnej formie (DOC) oraz gotowej do druku (PDF), dzi\u0119ki czemu \u0142atwo je dostosujesz do swoich potrzeb.<\/p>\n<p data-rm-block-id=\"block-12\">To narz\u0119dzia, kt\u00f3re usprawni\u0105 Twoj\u0105 prac\u0119 i pozwol\u0105 Ci dzia\u0142a\u0107 sprawniej. Skup si\u0119 na rozwoju dzieci, a my dostarczymy Ci ca\u0142\u0105 reszt\u0119 czyli nasz <strong>Psychobox &#8211; zestaw psychologa<\/strong><\/p>\n<p data-rm-block-id=\"block-13\">*od\u015bwie\u017cony graficznie produkt &#8222;Apteczka pierwszej pomocy Psychologa&#8221;<\/p>\n","protected":false},"excerpt":{"rendered":"<p><strong>Psychobox &#8211; zestaw psychologa<\/strong><\/p>\n<p>to gotowe narz\u0119dzia, kt\u00f3re u\u0142atwi\u0105 Ci prac\u0119 psycholo\u017cki przedszkolnej. W \u015brodku znajdziesz roczny plan pracy, scenariusze zaj\u0119\u0107, karty obserwacji i arkusze profilogram\u00f3w. Wszystko w formie edytowalnych plik\u00f3w, kt\u00f3re szybko dostosujesz do swoich potrzeb. Skup si\u0119 na wspieraniu dzieci, a my zapewnimy Ci gotowe materia\u0142y dzi\u0119ki<\/p>\n","protected":false},"featured_media":1692,"comment_status":"open","ping_status":"closed","template":"","meta":{"_kadence_starter_templates_imported_post":false,"_kad_post_transparent":"default","_kad_post_title":"","_kad_post_layout":"default","_kad_post_sidebar_id":"","_kad_post_content_style":"default","_kad_post_vertical_padding":"default","_kad_post_feature":"","_kad_post_feature_position":"","_kad_post_header":false,"_kad_post_footer":false},"product_brand":[461],"product_cat":[21,17],"product_tag":[195,196,197,198,194,180,192,183,176,178,182,175,29,34,184,177,199,188],"class_list":{"0":"post-505","1":"product","2":"type-product","3":"status-publish","4":"has-post-thumbnail","6":"product_brand-mojepomoce-pl","7":"product_cat-psycholog","8":"product_cat-bez-kategorii","9":"product_tag-arkusz-3-latka","10":"product_tag-arkusz-4-latka","11":"product_tag-arkusz-5-latka","12":"product_tag-arkusz-6-latka","13":"product_tag-arkusze-psychologiczne","14":"product_tag-dokumentacja-psychologiczna","15":"product_tag-integracja-sensoryczna","16":"product_tag-materialy-dla-psychologow","17":"product_tag-narzedzia-dla-psychologow","18":"product_tag-obserwacja-rozwoju","19":"product_tag-planowanie-pracy","20":"product_tag-praca-z-dziecmi","21":"product_tag-przedszkole","22":"product_tag-rozwoj-dziecka","23":"product_tag-rozwoj-emocjonalny-dzieci","24":"product_tag-terapia-indywidualna","25":"product_tag-umiejetnosci-dziecka","26":"product_tag-wsparcie-rozwojowe","28":"first","29":"instock","30":"sale","31":"featured","32":"downloadable","33":"virtual","34":"sold-individually","35":"taxable","36":"purchasable","37":"product-type-simple","38":"entry","39":"content-bg","40":"loop-entry"},"_links":{"self":[{"href":"https:\/\/mojepomoce.pl\/test1\/wp-json\/wp\/v2\/product\/505","targetHints":{"allow":["GET"]}}],"collection":[{"href":"https:\/\/mojepomoce.pl\/test1\/wp-json\/wp\/v2\/product"}],"about":[{"href":"https:\/\/mojepomoce.pl\/test1\/wp-json\/wp\/v2\/types\/product"}],"replies":[{"embeddable":true,"href":"https:\/\/mojepomoce.pl\/test1\/wp-json\/wp\/v2\/comments?post=505"}],"wp:featuredmedia":[{"embeddable":true,"href":"https:\/\/mojepomoce.pl\/test1\/wp-json\/wp\/v2\/media\/1692"}],"wp:attachment":[{"href":"https:\/\/mojepomoce.pl\/test1\/wp-json\/wp\/v2\/media?parent=505"}],"wp:term":[{"taxonomy":"product_brand","embeddable":true,"href":"https:\/\/mojepomoce.pl\/test1\/wp-json\/wp\/v2\/product_brand?post=505"},{"taxonomy":"product_cat","embeddable":true,"href":"https:\/\/mojepomoce.pl\/test1\/wp-json\/wp\/v2\/product_cat?post=505"},{"taxonomy":"product_tag","embeddable":true,"href":"https:\/\/mojepomoce.pl\/test1\/wp-json\/wp\/v2\/product_tag?post=505"}],"curies":[{"name":"wp","href":"https:\/\/api.w.org\/{rel}","templated":true}]}}